{"id":2537,"date":"2015-01-13T13:40:58","date_gmt":"2015-01-13T13:40:58","guid":{"rendered":"https:\/\/rcsyd.se\/ambureg\/?page_id=2537"},"modified":"2021-05-25T10:16:04","modified_gmt":"2021-05-25T10:16:04","slug":"registerplattform","status":"publish","type":"page","link":"https:\/\/rcsyd.se\/ambureg\/registrering\/registerplattform","title":{"rendered":"Registerplattform"},"content":{"rendered":"<h1>Registerplattform<\/h1>\n<p>Registerplattformen f\u00f6r Ambulansregistret heter Pharos.<\/p>\n<p><a href=\"https:\/\/rcsyd.se\/om-register\/it-losningar-och-driftinformation\/teknik-och-registerplattformar\" target=\"_blank\" rel=\"noopener noreferrer\">Klicka h\u00e4r f\u00f6r att komma till mer information om plattformen p\u00e5 Registercentrum Syds hemsida<\/a>.<\/p>\n<h2>Inloggning<\/h2>\n<p><a href=\"https:\/\/www.eyenetreg.se\/PLP\/\" target=\"_blank\" rel=\"noopener\">Klicka h\u00e4r f\u00f6r att komma till registrets inloggningssida<\/a>.<\/p>\n","protected":false},"excerpt":{"rendered":"<p>Registerplattform Registerplattformen f\u00f6r Ambulansregistret heter Pharos. Klicka h\u00e4r f\u00f6r att komma till mer information om plattformen p\u00e5 Registercentrum Syds hemsida. Inloggning Klicka h\u00e4r f\u00f6r att komma till registrets inloggningssida.<\/p>\n","protected":false},"author":3,"featured_media":0,"parent":260,"menu_order":0,"comment_status":"closed","ping_status":"closed","template":"","meta":{"_acf_changed":false,"footnotes":""},"acf":[],"_links":{"self":[{"href":"https:\/\/rcsyd.se\/ambureg\/wp-json\/wp\/v2\/pages\/2537"}],"collection":[{"href":"https:\/\/rcsyd.se\/ambureg\/wp-json\/wp\/v2\/pages"}],"about":[{"href":"https:\/\/rcsyd.se\/ambureg\/wp-json\/wp\/v2\/types\/page"}],"author":[{"embeddable":true,"href":"https:\/\/rcsyd.se\/ambureg\/wp-json\/wp\/v2\/users\/3"}],"replies":[{"embeddable":true,"href":"https:\/\/rcsyd.se\/ambureg\/wp-json\/wp\/v2\/comments?post=2537"}],"version-history":[{"count":7,"href":"https:\/\/rcsyd.se\/ambureg\/wp-json\/wp\/v2\/pages\/2537\/revisions"}],"predecessor-version":[{"id":2671,"href":"https:\/\/rcsyd.se\/ambureg\/wp-json\/wp\/v2\/pages\/2537\/revisions\/2671"}],"up":[{"embeddable":true,"href":"https:\/\/rcsyd.se\/ambureg\/wp-json\/wp\/v2\/pages\/260"}],"wp:attachment":[{"href":"https:\/\/rcsyd.se\/ambureg\/wp-json\/wp\/v2\/media?parent=2537"}],"curies":[{"name":"wp","href":"https:\/\/api.w.org\/{rel}","templated":true}]}}